{"id":1414,"date":"2016-02-12T07:54:41","date_gmt":"2016-02-12T07:54:41","guid":{"rendered":"http:\/\/demos.famethemes.com\/onepress\/?page_id=4"},"modified":"2022-08-30T15:46:53","modified_gmt":"2022-08-30T12:46:53","slug":"home","status":"publish","type":"page","link":"https:\/\/www.ratkaisupalvelu.fi\/","title":{"rendered":"Suomen Ratkaisupalvelu Oy"},"content":{"rendered":"\n<p><\/p>\n\n\n\n<p><\/p>\n\n\n\n<p><\/p>\n\n\n\n<p>Erikoisalamme on vuodesta 2016 asti ollut KNX-v\u00e4yl\u00e4tekniikkaa k\u00e4ytt\u00e4vien \u00e4lykk\u00e4iden rakennusten ohjelmointi. Toteutamme toiveittenne mukaan niin julkiset rakennukset, liiketilat, kuin parasta vaativien asiakkaiden omakotitalot. Toiminta-alueenamme on koko etel\u00e4inen Suomi.<\/p>\n\n\n\n<p>KNX-tekniikalla pystymme toteuttamaan mm.:<\/p>\n\n\n\n<ul><li>rakennuksen eri j\u00e4rjestelmien integrointi yhdeksi helppok\u00e4ytt\u00f6iseksi kokonaisuudeksi<\/li><li>t\u00e4ysautomaattinen ja mukautuva valaistuksen ohjaus<\/li><li>kehittynyt s\u00e4hk\u00f6n hintavaihtelun ja s\u00e4\u00e4ennusteiden mukaan optimoitu l\u00e4mmitys ja j\u00e4\u00e4hdytys<\/li><li>graafiset k\u00e4ytt\u00f6liittym\u00e4t ja valvomon\u00e4kym\u00e4t<\/li><li>puheohjaus<\/li><li>energiatehokkuuden seuranta<\/li><\/ul>\n\n\n\n<p><\/p>\n\n\n\n<p><\/p>\n\n\n\n<div class=\"wp-container-4 wp-block-columns\">\n<div class=\"wp-container-1 wp-block-column\" style=\"flex-basis:33.33%\">\n<p><\/p>\n\n\n\n<p>Suomen Ratkaisupalvelu Oy<br>antti.vesikari@ratkaisupalvelu.fi<br>050-3570757<\/p>\n<\/div>\n\n\n\n<div class=\"wp-container-2 wp-block-column\" style=\"flex-basis:33.33%\">\n<p><\/p>\n<\/div>\n\n\n\n<div class=\"wp-container-3 wp-block-column\" style=\"flex-basis:33.33%\">\n<figure class=\"wp-block-image size-large is-resized is-style-default\"><img loading=\"lazy\" src=\"http:\/\/www.ratkaisupalvelu.fi\/wp-content\/uploads\/2022\/08\/KNX_Partner_Logo-1024x635.jpg\" alt=\"\" class=\"wp-image-1471\" width=\"151\" height=\"94\" srcset=\"https:\/\/www.ratkaisupalvelu.fi\/wp-content\/uploads\/2022\/08\/KNX_Partner_Logo-1024x635.jpg 1024w, https:\/\/www.ratkaisupalvelu.fi\/wp-content\/uploads\/2022\/08\/KNX_Partner_Logo-300x186.jpg 300w, https:\/\/www.ratkaisupalvelu.fi\/wp-content\/uploads\/2022\/08\/KNX_Partner_Logo-768x476.jpg 768w, https:\/\/www.ratkaisupalvelu.fi\/wp-content\/uploads\/2022\/08\/KNX_Partner_Logo-480x300.jpg 480w, https:\/\/www.ratkaisupalvelu.fi\/wp-content\/uploads\/2022\/08\/KNX_Partner_Logo-640x400.jpg 640w, https:\/\/www.ratkaisupalvelu.fi\/wp-content\/uploads\/2022\/08\/KNX_Partner_Logo.jpg 1417w\" sizes=\"(max-width: 151px) 100vw, 151px\" \/><\/figure>\n<\/div>\n<\/div>\n","protected":false},"excerpt":{"rendered":"<p>Erikoisalamme on vuodesta 2016 asti ollut KNX-v\u00e4yl\u00e4tekniikkaa k\u00e4ytt\u00e4vien \u00e4lykk\u00e4iden rakennusten ohjelmointi. Toteutamme toiveittenne mukaan niin julkiset rakennukset, liiketilat, kuin parasta vaativien asiakkaiden omakotitalot. Toiminta-alueenamme on koko etel\u00e4inen Suomi. KNX-tekniikalla pystymme &#8230;<\/p>\n","protected":false},"author":2,"featured_media":0,"parent":0,"menu_order":0,"comment_status":"closed","ping_status":"closed","template":"template-fullwidth.php","meta":[],"_links":{"self":[{"href":"https:\/\/www.ratkaisupalvelu.fi\/index.php?rest_route=\/wp\/v2\/pages\/1414"}],"collection":[{"href":"https:\/\/www.ratkaisupalvelu.fi\/index.php?rest_route=\/wp\/v2\/pages"}],"about":[{"href":"https:\/\/www.ratkaisupalvelu.fi\/index.php?rest_route=\/wp\/v2\/types\/page"}],"author":[{"embeddable":true,"href":"https:\/\/www.ratkaisupalvelu.fi\/index.php?rest_route=\/wp\/v2\/users\/2"}],"replies":[{"embeddable":true,"href":"https:\/\/www.ratkaisupalvelu.fi\/index.php?rest_route=%2Fwp%2Fv2%2Fcomments&post=1414"}],"version-history":[{"count":11,"href":"https:\/\/www.ratkaisupalvelu.fi\/index.php?rest_route=\/wp\/v2\/pages\/1414\/revisions"}],"predecessor-version":[{"id":1479,"href":"https:\/\/www.ratkaisupalvelu.fi\/index.php?rest_route=\/wp\/v2\/pages\/1414\/revisions\/1479"}],"wp:attachment":[{"href":"https:\/\/www.ratkaisupalvelu.fi\/index.php?rest_route=%2Fwp%2Fv2%2Fmedia&parent=1414"}],"curies":[{"name":"wp","href":"https:\/\/api.w.org\/{rel}","templated":true}]}}